{"id":4274,"date":"2019-10-03T16:12:20","date_gmt":"2019-10-03T15:12:20","guid":{"rendered":"https:\/\/holisnvr.com\/technical-support\/"},"modified":"2021-03-01T17:07:19","modified_gmt":"2021-03-01T17:07:19","slug":"technical-support","status":"publish","type":"page","link":"https:\/\/holisnvr.com\/la-es\/technical-support\/","title":{"rendered":"Asistencia t\u00e9cnica"},"content":{"rendered":"\n<div class=\"wp-block-group has-background\" style=\"background-color:#eaeaea\"><div class=\"wp-block-group__inner-container is-layout-flow wp-block-group-is-layout-flow\">\n<p class=\"has-text-align-center\">El personal de asistencia t\u00e9cnica de Tyco presta servicio a la gama de productos de la gama Tyco Illustra, entre otros. Con servicios y t\u00e9cnicos de asistencia online en todo el mundo, estamos a su disposici\u00f3n para responder consultas; tambi\u00e9n puede conocer mejor nuestras soluciones en <a href=\"http:\/\/learn.tycosecurityproducts.com\/\" target=\"_blank\" rel=\"noreferrer noopener\">learn.tycosecurityproducts.com<\/a><\/p>\n\n\n\n<div style=\"height:32px\" aria-hidden=\"true\" class=\"wp-block-spacer\"><\/div>\n\n\n\n<div class=\"wp-block-buttons aligncenter is-layout-flex wp-block-buttons-is-layout-flex\">\n<div class=\"wp-block-button\"><a class=\"wp-block-button__link\" href=\"#contact-north-america\">Norteam\u00e9rica<\/a><\/div>\n\n\n\n<div class=\"wp-block-button\"><a class=\"wp-block-button__link\" href=\"#contact-latin-america\">Am\u00e9rica Latina y el Caribe<\/a><\/div>\n\n\n\n<div class=\"wp-block-button\"><a class=\"wp-block-button__link\" href=\"#contact-europe-middle-east-africa\">Europa, Oriente Medio y \u00c1frica<\/a><\/div>\n\n\n\n<div class=\"wp-block-button\"><a class=\"wp-block-button__link\" href=\"#contact-asia-pacific\">Asia-Pac\u00edfico<\/a><\/div>\n<\/div>\n<\/div><\/div>\n\n\n\n<div id=\"contact-north-america\" class=\"wp-block-group has-white-background-color has-background\"><div class=\"wp-block-group__inner-container is-layout-flow wp-block-group-is-layout-flow\">\n<h2 class=\"wp-block-heading\">Norteam\u00e9rica<\/h2>\n\n\n\n<div class=\"wp-block-columns is-layout-flex wp-container-core-columns-is-layout-9d6595d7 wp-block-columns-is-layout-flex\">\n<div class=\"wp-block-column is-layout-flow wp-block-column-is-layout-flow\">\n<p><strong>Tel\u00e9fono<\/strong><\/p>\n\n\n\n<p><a href=\"tel:8005076268\">(800) 507-6268<\/a><\/p>\n\n\n\n<p>Opci\u00f3n 1, 2<\/p>\n<\/div>\n\n\n\n<div class=\"wp-block-column is-layout-flow wp-block-column-is-layout-flow\">\n<p><strong>Tel\u00e9fono alt.<\/strong><\/p>\n\n\n\n<p><a href=\"tel:8003922873\">(800) 392-2873<\/a><\/p>\n\n\n\n<p>Opci\u00f3n 1, 2<\/p>\n<\/div>\n\n\n\n<div class=\"wp-block-column is-layout-flow wp-block-column-is-layout-flow\">\n<p><strong>Correo electr\u00f3nico<\/strong><\/p>\n\n\n\n<p><a href=\"mailto:ades@tycosp.com\">ades@tycosp.com<\/a><\/p>\n<\/div>\n<\/div>\n\n\n\n<p><strong>Horas de funcionamiento:<\/strong><\/p>\n\n\n\n<p>de 8:00 am a 8:00 pm EST &#8211; Asistencia fuera de horario para casos de emergencia<\/p>\n<\/div><\/div>\n\n\n\n<div id=\"contact-latin-america\" class=\"wp-block-group has-background\" style=\"background-color:#eaeaea\"><div class=\"wp-block-group__inner-container is-layout-flow wp-block-group-is-layout-flow\">\n<h2 class=\"wp-block-heading\">Am\u00e9rica Latina y el Caribe<\/h2>\n\n\n\n<h3 class=\"wp-block-heading\">Sudam\u00e9rica<\/h3>\n\n\n\n<div class=\"wp-block-columns is-layout-flex wp-container-core-columns-is-layout-9d6595d7 wp-block-columns-is-layout-flex\">\n<div class=\"wp-block-column is-layout-flow wp-block-column-is-layout-flow\">\n<p><strong>Argentina \/ Buenos Aires<\/strong><\/p>\n\n\n\n<p><a href=\"tel:541151993104\">54 11 5199 3104<\/a><\/p>\n<\/div>\n\n\n\n<div class=\"wp-block-column is-layout-flow wp-block-column-is-layout-flow\">\n<p><strong>Chile \/ Santiago<\/strong><\/p>\n\n\n\n<p><a href=\"tel:56232109662\">56 2 3210 9662<\/a><\/p>\n<\/div>\n<\/div>\n\n\n\n<p><strong>Horas de funcionamiento:<\/strong><\/p>\n\n\n\n<p>de 8:00 am a 8:00 pm EST &#8211; Asistencia fuera de horario para casos de emergencia<\/p>\n\n\n\n<div style=\"height:32px\" aria-hidden=\"true\" class=\"wp-block-spacer\"><\/div>\n\n\n\n<h3 class=\"wp-block-heading\">Brasil<\/h3>\n\n\n\n<p><strong>Brasil\/S\u00e3o Paulo<\/strong><\/p>\n\n\n\n<p><a href=\"tel:551131817377\">55 11 3181 7377<\/a><\/p>\n\n\n\n<p><strong>Horas de funcionamiento:<\/strong><\/p>\n\n\n\n<p>de 8:00 am a 8:00 pm EST &#8211; Asistencia fuera de horario para casos de emergencia<\/p>\n\n\n\n<div style=\"height:32px\" aria-hidden=\"true\" class=\"wp-block-spacer\"><\/div>\n\n\n\n<h3 class=\"wp-block-heading\">Am\u00e9rica del Norte<\/h3>\n\n\n\n<div class=\"wp-block-columns is-layout-flex wp-container-core-columns-is-layout-9d6595d7 wp-block-columns-is-layout-flex\">\n<div class=\"wp-block-column is-layout-flow wp-block-column-is-layout-flow\">\n<p><strong>Col\u00f4mbia\/Bogot\u00e1<\/strong><\/p>\n\n\n\n<p><a href=\"tel:5713441422\">57 1 344 1422<\/a><\/p>\n<\/div>\n\n\n\n<div class=\"wp-block-column is-layout-flow wp-block-column-is-layout-flow\">\n<p><strong>Colombia \/ Cali<\/strong><\/p>\n\n\n\n<p><a href=\"tel:5728912476\">57 2 891 2476<\/a><\/p>\n<\/div>\n\n\n\n<div class=\"wp-block-column is-layout-flow wp-block-column-is-layout-flow\">\n<p><strong>Colombia \/ Medell\u00edn<\/strong><\/p>\n\n\n\n<p><a href=\"tel:5742040519\">57 4 204 0519<\/a><\/p>\n<\/div>\n<\/div>\n\n\n\n<div class=\"wp-block-columns is-layout-flex wp-container-core-columns-is-layout-9d6595d7 wp-block-columns-is-layout-flex\">\n<div class=\"wp-block-column is-layout-flow wp-block-column-is-layout-flow\">\n<p><strong>Per\u00fa \/ Lima<\/strong><\/p>\n\n\n\n<p><a href=\"tel:5116429707\">51 1 642 9707<\/a><\/p>\n<\/div>\n\n\n\n<div class=\"wp-block-column is-layout-flow wp-block-column-is-layout-flow\">\n<p><strong>Venezuela \/ Caracas<\/strong><\/p>\n\n\n\n<p><a href=\"tel:582127202340\">58 212 720 2340<\/a><\/p>\n<\/div>\n\n\n\n<div class=\"wp-block-column is-layout-flow wp-block-column-is-layout-flow\"><\/div>\n<\/div>\n\n\n\n<p><strong>Horas de funcionamiento:<\/strong><\/p>\n\n\n\n<p>de 8:00 am a 8:00 pm EST &#8211; Asistencia fuera de horario para casos de emergencia<\/p>\n\n\n\n<div style=\"height:32px\" aria-hidden=\"true\" class=\"wp-block-spacer\"><\/div>\n\n\n\n<h3 class=\"wp-block-heading\">M\u00e9xico<\/h3>\n\n\n\n<p><strong>M\u00e9xico \/ Ciudad de M\u00e9xico<\/strong><\/p>\n\n\n\n<p><a href=\"tel:525585261801\">52 55 8526 1801<\/a><\/p>\n\n\n\n<p><strong>Horas de funcionamiento:<\/strong><\/p>\n\n\n\n<p>de 8:00 am a 8:00 pm EST &#8211; Asistencia fuera de horario para casos de emergencia<\/p>\n\n\n\n<div style=\"height:32px\" aria-hidden=\"true\" class=\"wp-block-spacer\"><\/div>\n\n\n\n<h3 class=\"wp-block-heading\">Am\u00e9rica Central y el Caribe<\/h3>\n\n\n\n<div class=\"wp-block-columns is-layout-flex wp-container-core-columns-is-layout-9d6595d7 wp-block-columns-is-layout-flex\">\n<div class=\"wp-block-column is-layout-flow wp-block-column-is-layout-flow\">\n<p><strong>Costa Rica \/ Nacional<\/strong><\/p>\n\n\n\n<p><a href=\"tel:50640001655\">506 4000 1655<\/a><\/p>\n<\/div>\n\n\n\n<div class=\"wp-block-column is-layout-flow wp-block-column-is-layout-flow\">\n<p><strong>Rep. Dominicana \/ Sto Domingo<\/strong><\/p>\n\n\n\n<p><a href=\"tel:18292353047\">1 829 235 3047<\/a><\/p>\n<\/div>\n\n\n\n<div class=\"wp-block-column is-layout-flow wp-block-column-is-layout-flow\">\n<p><strong>El Salvador \/ San Salvador<\/strong><\/p>\n\n\n\n<p><a href=\"tel:50321368703\">503 2136 8703<\/a><\/p>\n<\/div>\n<\/div>\n\n\n\n<div class=\"wp-block-columns is-layout-flex wp-container-core-columns-is-layout-9d6595d7 wp-block-columns-is-layout-flex\">\n<div class=\"wp-block-column is-layout-flow wp-block-column-is-layout-flow\">\n<p><strong>Guatemala \/ Ciudad de Guatemala<\/strong><\/p>\n\n\n\n<p><a href=\"tel:50222681206\">502 2 268 1206<\/a><\/p>\n<\/div>\n\n\n\n<div class=\"wp-block-column is-layout-flow wp-block-column-is-layout-flow\">\n<p><strong>Panam\u00e1 \/ Ciudad de Panam\u00e1<\/strong><\/p>\n\n\n\n<p><a href=\"tel:5078366265\">507 836 6265<\/a><\/p>\n<\/div>\n\n\n\n<div class=\"wp-block-column is-layout-flow wp-block-column-is-layout-flow\"><\/div>\n<\/div>\n\n\n\n<p><strong>Horas de funcionamiento:<\/strong><\/p>\n\n\n\n<p>de 8:00 am a 8:00 pm EST &#8211; Asistencia fuera de horario para casos de emergencia<\/p>\n<\/div><\/div>\n\n\n\n<div id=\"contact-europe-middle-east-africa\" class=\"wp-block-group has-white-background-color has-background\"><div class=\"wp-block-group__inner-container is-layout-flow wp-block-group-is-layout-flow\">\n<h2 class=\"wp-block-heading\">Europa, Oriente Medio y \u00c1frica<\/h2>\n\n\n\n<h3 class=\"wp-block-heading\">N\u00fameros locales<\/h3>\n\n\n\n<div class=\"wp-block-columns is-layout-flex wp-container-core-columns-is-layout-9d6595d7 wp-block-columns-is-layout-flex\">\n<div class=\"wp-block-column is-layout-flow wp-block-column-is-layout-flow\">\n<p><strong>Tel\u00e9fono gratuito<\/strong><\/p>\n\n\n\n<p><a href=\"tel:80022558926\">00800 CALLTYCO or 00800-225 8926<\/a><\/p>\n<\/div>\n\n\n\n<div class=\"wp-block-column is-layout-flow wp-block-column-is-layout-flow\">\n<p><strong>Directo<\/strong><\/p>\n\n\n\n<p><a href=\"tel:31475352722\">+31 475 352 722<\/a><\/p>\n<\/div>\n\n\n\n<div class=\"wp-block-column is-layout-flow wp-block-column-is-layout-flow\"><\/div>\n<\/div>\n\n\n\n<div class=\"wp-block-columns is-layout-flex wp-container-core-columns-is-layout-9d6595d7 wp-block-columns-is-layout-flex\">\n<div class=\"wp-block-column is-layout-flow wp-block-column-is-layout-flow\">\n<p><strong>Video Technical Support<\/strong><\/p>\n\n\n\n<p><a href=\"https:\/\/illustracameras.com\/latam\/technical-support\/video-support@jci.com\">video-support@jci.com<\/a><\/p>\n<\/div>\n\n\n\n<div class=\"wp-block-column is-layout-flow wp-block-column-is-layout-flow\">\n<p><strong>Access Technical Support<\/strong><\/p>\n\n\n\n<p><a href=\"https:\/\/illustracameras.com\/latam\/technical-support\/access-support@jci.com\">access-support@jci.com<\/a><\/p>\n<\/div>\n\n\n\n<div class=\"wp-block-column is-layout-flow wp-block-column-is-layout-flow\">\n<p><strong>Intrusion Technical Support<\/strong><\/p>\n\n\n\n<p><a href=\"https:\/\/illustracameras.com\/latam\/technical-support\/intrusion-support@jci.com\">intrusion-support@jci.com<\/a><\/p>\n<\/div>\n<\/div>\n\n\n\n<div class=\"wp-block-columns is-layout-flex wp-container-core-columns-is-layout-9d6595d7 wp-block-columns-is-layout-flex\">\n<div class=\"wp-block-column is-layout-flow wp-block-column-is-layout-flow\">\n<p><strong>Technical Training Inquiries<\/strong><\/p>\n\n\n\n<p><a href=\"https:\/\/illustracameras.com\/latam\/technical-support\/apac.training@jci.com\">apac.training@jci.com<\/a><\/p>\n<\/div>\n\n\n\n<div class=\"wp-block-column is-layout-flow wp-block-column-is-layout-flow\">\n<p><strong>Todas las consultas sobre licencias<\/strong><\/p>\n\n\n\n<p><a href=\"https:\/\/illustracameras.com\/latam\/technical-support\/sp-licensing-support@jci.com\">sp-licensing-support@jci.com<\/a><\/p>\n<\/div>\n\n\n\n<div class=\"wp-block-column is-layout-flow wp-block-column-is-layout-flow\"><\/div>\n<\/div>\n\n\n\n<p><strong>Horas locales<\/strong><\/p>\n\n\n\n<p>8:00 am a 6:00 pm (CET) Lunes a viernes<\/p>\n<\/div><\/div>\n\n\n\n<div id=\"contact-asia-pacific\" class=\"wp-block-group has-background\" style=\"background-color:#eaeaea\"><div class=\"wp-block-group__inner-container is-layout-flow wp-block-group-is-layout-flow\">\n<h2 class=\"wp-block-heading\">Asia-Pac\u00edfico<\/h2>\n\n\n\n<h3 class=\"wp-block-heading\">N\u00fameros locales<\/h3>\n\n\n\n<div class=\"wp-block-columns is-layout-flex wp-container-core-columns-is-layout-9d6595d7 wp-block-columns-is-layout-flex\">\n<div class=\"wp-block-column is-layout-flow wp-block-column-is-layout-flow\">\n<p><strong>India<\/strong><\/p>\n\n\n\n<p><a href=\"tel:918041990994\">+91-80-4199-0994<\/a><\/p>\n<\/div>\n\n\n\n<div class=\"wp-block-column is-layout-flow wp-block-column-is-layout-flow\">\n<p><strong>China<\/strong><\/p>\n\n\n\n<p><a href=\"tel:862161638644\">+86-21-6163-8644<\/a><\/p>\n<\/div>\n\n\n\n<div class=\"wp-block-column is-layout-flow wp-block-column-is-layout-flow\">\n<p><strong>Australia<\/strong><\/p>\n\n\n\n<p><a href=\"tel:61283171322\">+61-28-317-1322<\/a><\/p>\n<\/div>\n<\/div>\n\n\n\n<p><strong>Ocean\u00eda y Nueva Zelanda<\/strong><\/p>\n\n\n\n<p><a href=\"tel:6499424004\">+64-9942-4004<\/a><\/p>\n\n\n\n<h3 class=\"wp-block-heading\">Austr\u00e1lia<\/h3>\n\n\n\n<p><strong>Austr\u00e1lia<\/strong><\/p>\n\n\n\n<p><a href=\"tel:1800580946\">1-800-580-946<\/a><\/p>\n\n\n\n<p><strong>Horas de funcionamiento:<\/strong><\/p>\n\n\n\n<p>8:00 am a 6:00 pm Lunes a viernes<\/p>\n\n\n\n<div style=\"height:32px\" aria-hidden=\"true\" class=\"wp-block-spacer\"><\/div>\n\n\n\n<h3 class=\"wp-block-heading\">China<\/h3>\n\n\n\n<p><strong>China<\/strong><\/p>\n\n\n\n<p><a href=\"tel:4006711528\">400-6711-528<\/a><\/p>\n\n\n\n<p><strong>Horas de funcionamiento:<\/strong><\/p>\n\n\n\n<p>9:00 am a 6:00 pm Lunes a viernes<\/p>\n\n\n\n<div style=\"height:32px\" aria-hidden=\"true\" class=\"wp-block-spacer\"><\/div>\n\n\n\n<h3 class=\"wp-block-heading\">India<\/h3>\n\n\n\n<div class=\"wp-block-columns is-layout-flex wp-container-core-columns-is-layout-9d6595d7 wp-block-columns-is-layout-flex\">\n<div class=\"wp-block-column is-layout-flow wp-block-column-is-layout-flow\">\n<p><strong>Video Technical Support<\/strong><\/p>\n\n\n\n<p><a href=\"https:\/\/illustracameras.com\/latam\/technical-support\/video-support@jci.com\">video-support@jci.com<\/a><\/p>\n<\/div>\n\n\n\n<div class=\"wp-block-column is-layout-flow wp-block-column-is-layout-flow\">\n<p><strong>Access Technical Support<\/strong><\/p>\n\n\n\n<p><a href=\"https:\/\/illustracameras.com\/latam\/technical-support\/access-support@jci.com\">access-support@jci.com<\/a><\/p>\n<\/div>\n\n\n\n<div class=\"wp-block-column is-layout-flow wp-block-column-is-layout-flow\">\n<p><strong>Intrusion Technical Support<\/strong><\/p>\n\n\n\n<p><a href=\"https:\/\/illustracameras.com\/latam\/technical-support\/intrusion-support@jci.com\">intrusion-support@jci.com<\/a><\/p>\n<\/div>\n<\/div>\n\n\n\n<div class=\"wp-block-columns is-layout-flex wp-container-core-columns-is-layout-9d6595d7 wp-block-columns-is-layout-flex\">\n<div class=\"wp-block-column is-layout-flow wp-block-column-is-layout-flow\">\n<p><strong>Technical Training Inquiries<\/strong><\/p>\n\n\n\n<p><a href=\"https:\/\/illustracameras.com\/latam\/technical-support\/apac.training@jci.com\">apac.training@jci.com<\/a><\/p>\n<\/div>\n\n\n\n<div class=\"wp-block-column is-layout-flow wp-block-column-is-layout-flow\">\n<p><strong>Todas las consultas sobre licencias<\/strong><\/p>\n\n\n\n<p><a href=\"https:\/\/illustracameras.com\/latam\/technical-support\/sp-licensing-support@jci.com\">sp-licensing-support@jci.com<\/a><\/p>\n<\/div>\n\n\n\n<div class=\"wp-block-column is-layout-flow wp-block-column-is-layout-flow\"><\/div>\n<\/div>\n\n\n\n<p><strong>Horas de funcionamiento:<\/strong><\/p>\n\n\n\n<p>9:00 am a 7:00 pm &#8211; Lunes a viernes<\/p>\n<\/div><\/div>\n","protected":false},"excerpt":{"rendered":"<p>El personal de asistencia t\u00e9cnica de Tyco presta servicio a la gama de productos de la gama Tyco Illustra, entre otros. Con servicios y t\u00e9cnicos de asistencia online en todo el mundo, estamos a su disposici\u00f3n para responder consultas; tambi\u00e9n puede conocer mejor nuestras soluciones en learn.tycosecurityproducts.com Norteam\u00e9rica Tel\u00e9fono (800) 507-6268 Opci\u00f3n 1, 2 Tel\u00e9fono [&hellip;]<\/p>\n","protected":false},"author":2,"featured_media":0,"parent":0,"menu_order":0,"comment_status":"closed","ping_status":"closed","template":"templates\/page-technical-support.php","meta":[],"class_list":["post-4274","page","type-page","status-publish","hentry"],"acf":[],"_links":{"self":[{"href":"https:\/\/holisnvr.com\/la-es\/wp-json\/wp\/v2\/pages\/4274","targetHints":{"allow":["GET"]}}],"collection":[{"href":"https:\/\/holisnvr.com\/la-es\/wp-json\/wp\/v2\/pages"}],"about":[{"href":"https:\/\/holisnvr.com\/la-es\/wp-json\/wp\/v2\/types\/page"}],"author":[{"embeddable":true,"href":"https:\/\/holisnvr.com\/la-es\/wp-json\/wp\/v2\/users\/2"}],"replies":[{"embeddable":true,"href":"https:\/\/holisnvr.com\/la-es\/wp-json\/wp\/v2\/comments?post=4274"}],"version-history":[{"count":0,"href":"https:\/\/holisnvr.com\/la-es\/wp-json\/wp\/v2\/pages\/4274\/revisions"}],"wp:attachment":[{"href":"https:\/\/holisnvr.com\/la-es\/wp-json\/wp\/v2\/media?parent=4274"}],"curies":[{"name":"wp","href":"https:\/\/api.w.org\/{rel}","templated":true}]}}