{"id":4219,"date":"2019-10-03T16:12:20","date_gmt":"2019-10-03T15:12:20","guid":{"rendered":"https:\/\/holisnvr.com\/technical-support\/"},"modified":"2021-02-26T11:52:29","modified_gmt":"2021-02-26T11:52:29","slug":"technical-support","status":"publish","type":"page","link":"https:\/\/holisnvr.com\/pt-br\/technical-support\/","title":{"rendered":"Suporte t\u00e9cnico"},"content":{"rendered":"\n<div class=\"wp-block-group has-background\" style=\"background-color:#eaeaea\"><div class=\"wp-block-group__inner-container is-layout-flow wp-block-group-is-layout-flow\">\n<p class=\"has-text-align-center\">A equipe de suporte t\u00e9cnico da Tyco fornece assist\u00eancia para a linha de produtos Tyco Illustra e al\u00e9m. Com servi\u00e7os de suporte online e engenheiros em todo o mundo, estamos \u00e0 disposi\u00e7\u00e3o para ajud\u00e1-lo com qualquer d\u00favida e voc\u00ea tamb\u00e9m pode aprender mais sobre nossas solu\u00e7\u00f5es em <a href=\"http:\/\/learn.tycosecurityproducts.com\/\" target=\"_blank\" rel=\"noreferrer noopener\">learn.tycosecurityproducts.com<\/a><\/p>\n\n\n\n<div style=\"height:32px\" aria-hidden=\"true\" class=\"wp-block-spacer\"><\/div>\n\n\n\n<div class=\"wp-block-buttons aligncenter is-layout-flex wp-block-buttons-is-layout-flex\">\n<div class=\"wp-block-button\"><a class=\"wp-block-button__link\" href=\"#contact-north-america\">Am\u00e9rica do Norte<\/a><\/div>\n\n\n\n<div class=\"wp-block-button\"><a class=\"wp-block-button__link\" href=\"#contact-latin-america\">Am\u00e9rica Latina e Caribe<\/a><\/div>\n\n\n\n<div class=\"wp-block-button\"><a class=\"wp-block-button__link\" href=\"#contact-europe-middle-east-africa\">Europa, Oriente M\u00e9dio e \u00c1frica<\/a><\/div>\n\n\n\n<div class=\"wp-block-button\"><a class=\"wp-block-button__link\" href=\"#contact-asia-pacific\">\u00c1sia-Pac\u00edfico<\/a><\/div>\n<\/div>\n<\/div><\/div>\n\n\n\n<div id=\"contact-north-america\" class=\"wp-block-group has-white-background-color has-background\"><div class=\"wp-block-group__inner-container is-layout-flow wp-block-group-is-layout-flow\">\n<h2 class=\"wp-block-heading\">Am\u00e9rica do Norte<\/h2>\n\n\n\n<div class=\"wp-block-columns is-layout-flex wp-container-core-columns-is-layout-9d6595d7 wp-block-columns-is-layout-flex\">\n<div class=\"wp-block-column is-layout-flow wp-block-column-is-layout-flow\">\n<p><strong>Telefone<\/strong><\/p>\n\n\n\n<p><a href=\"tel:8005076268\">(800) 507-6268<\/a><\/p>\n\n\n\n<p>Op\u00e7\u00f5es 1 e 2<\/p>\n<\/div>\n\n\n\n<div class=\"wp-block-column is-layout-flow wp-block-column-is-layout-flow\">\n<p><strong>Telefone alternativo<\/strong><\/p>\n\n\n\n<p><a href=\"tel:8003922873\">(800) 392-2873<\/a><\/p>\n\n\n\n<p>Op\u00e7\u00f5es 1 e 2<\/p>\n<\/div>\n\n\n\n<div class=\"wp-block-column is-layout-flow wp-block-column-is-layout-flow\">\n<p><strong>Email<\/strong><\/p>\n\n\n\n<p><a href=\"mailto:ades@tycosp.com\">ades@tycosp.com<\/a><\/p>\n<\/div>\n<\/div>\n\n\n\n<p><strong>Horas de funcionamento:<\/strong><\/p>\n\n\n\n<p>8h \u00e0s 20h EST &#8211; Suporte fora do hor\u00e1rio oferecido para fins de emerg\u00eancia<\/p>\n<\/div><\/div>\n\n\n\n<div id=\"contact-latin-america\" class=\"wp-block-group has-background\" style=\"background-color:#eaeaea\"><div class=\"wp-block-group__inner-container is-layout-flow wp-block-group-is-layout-flow\">\n<h2 class=\"wp-block-heading\">Am\u00e9rica Latina e Caribe<\/h2>\n\n\n\n<h3 class=\"wp-block-heading\">Sul da Am\u00e9rica Latina<\/h3>\n\n\n\n<div class=\"wp-block-columns is-layout-flex wp-container-core-columns-is-layout-9d6595d7 wp-block-columns-is-layout-flex\">\n<div class=\"wp-block-column is-layout-flow wp-block-column-is-layout-flow\">\n<p><strong>Argentina \/ Buenos Aires<\/strong><\/p>\n\n\n\n<p><a href=\"tel:541151993104\">54 11 5199 3104<\/a><\/p>\n<\/div>\n\n\n\n<div class=\"wp-block-column is-layout-flow wp-block-column-is-layout-flow\">\n<p><strong>Chile \/ Santiago<\/strong><\/p>\n\n\n\n<p><a href=\"tel:56232109662\">56 2 3210 9662<\/a><\/p>\n<\/div>\n<\/div>\n\n\n\n<p><strong>Horas de funcionamento:<\/strong><\/p>\n\n\n\n<p>8h \u00e0s 20h EST &#8211; Suporte fora do hor\u00e1rio oferecido para fins de emerg\u00eancia<\/p>\n\n\n\n<div style=\"height:32px\" aria-hidden=\"true\" class=\"wp-block-spacer\"><\/div>\n\n\n\n<h3 class=\"wp-block-heading\">Brasil<\/h3>\n\n\n\n<p><strong>Brasil\/S\u00e3o Paulo<\/strong><\/p>\n\n\n\n<p><a href=\"tel:551131817377\">55 11 3181 7377<\/a><\/p>\n\n\n\n<p><strong>Horas de funcionamento:<\/strong><\/p>\n\n\n\n<p>8h \u00e0s 20h EST &#8211; Suporte fora do hor\u00e1rio oferecido para fins de emerg\u00eancia<\/p>\n\n\n\n<div style=\"height:32px\" aria-hidden=\"true\" class=\"wp-block-spacer\"><\/div>\n\n\n\n<h3 class=\"wp-block-heading\">Norte da Am\u00e9rica Latina<\/h3>\n\n\n\n<div class=\"wp-block-columns is-layout-flex wp-container-core-columns-is-layout-9d6595d7 wp-block-columns-is-layout-flex\">\n<div class=\"wp-block-column is-layout-flow wp-block-column-is-layout-flow\">\n<p><strong>Col\u00f4mbia\/Bogot\u00e1<\/strong><\/p>\n\n\n\n<p><a href=\"tel:5713441422\">57 1 344 1422<\/a><\/p>\n<\/div>\n\n\n\n<div class=\"wp-block-column is-layout-flow wp-block-column-is-layout-flow\">\n<p><strong>Col\u00f4mbia\/Cali<\/strong><\/p>\n\n\n\n<p><a href=\"tel:5728912476\">57 2 891 2476<\/a><\/p>\n<\/div>\n\n\n\n<div class=\"wp-block-column is-layout-flow wp-block-column-is-layout-flow\">\n<p><strong>Col\u00f4mbia\/Medell\u00edn<\/strong><\/p>\n\n\n\n<p><a href=\"tel:5742040519\">57 4 204 0519<\/a><\/p>\n<\/div>\n<\/div>\n\n\n\n<div class=\"wp-block-columns is-layout-flex wp-container-core-columns-is-layout-9d6595d7 wp-block-columns-is-layout-flex\">\n<div class=\"wp-block-column is-layout-flow wp-block-column-is-layout-flow\">\n<p><strong>Peru \/ Lima<\/strong><\/p>\n\n\n\n<p><a href=\"tel:5116429707\">51 1 642 9707<\/a><\/p>\n<\/div>\n\n\n\n<div class=\"wp-block-column is-layout-flow wp-block-column-is-layout-flow\">\n<p><strong>Venezuela \/ Caracas<\/strong><\/p>\n\n\n\n<p><a href=\"tel:582127202340\">58 212 720 2340<\/a><\/p>\n<\/div>\n\n\n\n<div class=\"wp-block-column is-layout-flow wp-block-column-is-layout-flow\"><\/div>\n<\/div>\n\n\n\n<p><strong>Horas de funcionamento:<\/strong><\/p>\n\n\n\n<p>8h \u00e0s 20h EST &#8211; Suporte fora do hor\u00e1rio oferecido para fins de emerg\u00eancia<\/p>\n\n\n\n<div style=\"height:32px\" aria-hidden=\"true\" class=\"wp-block-spacer\"><\/div>\n\n\n\n<h3 class=\"wp-block-heading\">M\u00e9xico<\/h3>\n\n\n\n<p><strong>M\u00e9xico\/Cidade do M\u00e9xico<\/strong><\/p>\n\n\n\n<p><a href=\"tel:525585261801\">52 55 8526 1801<\/a><\/p>\n\n\n\n<p><strong>Horas de funcionamento:<\/strong><\/p>\n\n\n\n<p>8h \u00e0s 20h EST &#8211; Suporte fora do hor\u00e1rio oferecido para fins de emerg\u00eancia<\/p>\n\n\n\n<div style=\"height:32px\" aria-hidden=\"true\" class=\"wp-block-spacer\"><\/div>\n\n\n\n<h3 class=\"wp-block-heading\">Am\u00e9rica Central e Caribe<\/h3>\n\n\n\n<div class=\"wp-block-columns is-layout-flex wp-container-core-columns-is-layout-9d6595d7 wp-block-columns-is-layout-flex\">\n<div class=\"wp-block-column is-layout-flow wp-block-column-is-layout-flow\">\n<p><strong>Costa Rica \/ National<\/strong><\/p>\n\n\n\n<p><a href=\"tel:50640001655\">506 4000 1655<\/a><\/p>\n<\/div>\n\n\n\n<div class=\"wp-block-column is-layout-flow wp-block-column-is-layout-flow\">\n<p><strong>Rep\u00fablica Dominicana \/Sto Domingo<\/strong><\/p>\n\n\n\n<p><a href=\"tel:18292353047\">1 829 235 3047<\/a><\/p>\n<\/div>\n\n\n\n<div class=\"wp-block-column is-layout-flow wp-block-column-is-layout-flow\">\n<p><strong>El Salvador \/ San Salvador<\/strong><\/p>\n\n\n\n<p><a href=\"tel:50321368703\">503 2136 8703<\/a><\/p>\n<\/div>\n<\/div>\n\n\n\n<div class=\"wp-block-columns is-layout-flex wp-container-core-columns-is-layout-9d6595d7 wp-block-columns-is-layout-flex\">\n<div class=\"wp-block-column is-layout-flow wp-block-column-is-layout-flow\">\n<p><strong>Guatemala\/Cidade da Guatemala<\/strong><\/p>\n\n\n\n<p><a href=\"tel:50222681206\">502 2 268 1206<\/a><\/p>\n<\/div>\n\n\n\n<div class=\"wp-block-column is-layout-flow wp-block-column-is-layout-flow\">\n<p><strong>Panam\u00e1\/Cidade do Panam\u00e1<\/strong><\/p>\n\n\n\n<p><a href=\"tel:5078366265\">507 836 6265<\/a><\/p>\n<\/div>\n\n\n\n<div class=\"wp-block-column is-layout-flow wp-block-column-is-layout-flow\"><\/div>\n<\/div>\n\n\n\n<p><strong>Horas de funcionamento:<\/strong><\/p>\n\n\n\n<p>8h \u00e0s 20h EST &#8211; Suporte fora do hor\u00e1rio oferecido para fins de emerg\u00eancia<\/p>\n<\/div><\/div>\n\n\n\n<div id=\"contact-europe-middle-east-africa\" class=\"wp-block-group has-white-background-color has-background\"><div class=\"wp-block-group__inner-container is-layout-flow wp-block-group-is-layout-flow\">\n<h2 class=\"wp-block-heading\">Europa, Oriente M\u00e9dio e \u00c1frica<\/h2>\n\n\n\n<h3 class=\"wp-block-heading\">N\u00fameros locais<\/h3>\n\n\n\n<div class=\"wp-block-columns is-layout-flex wp-container-core-columns-is-layout-9d6595d7 wp-block-columns-is-layout-flex\">\n<div class=\"wp-block-column is-layout-flow wp-block-column-is-layout-flow\">\n<p><strong>Liga\u00e7\u00e3o gratuita<\/strong><\/p>\n\n\n\n<p><a href=\"tel:80022558926\">00800 CALLTYCO or 00800-225 8926<\/a><\/p>\n<\/div>\n\n\n\n<div class=\"wp-block-column is-layout-flow wp-block-column-is-layout-flow\">\n<p><strong>Direta<\/strong><\/p>\n\n\n\n<p><a href=\"tel:31475352722\">+31 475 352 722<\/a><\/p>\n<\/div>\n\n\n\n<div class=\"wp-block-column is-layout-flow wp-block-column-is-layout-flow\"><\/div>\n<\/div>\n\n\n\n<div class=\"wp-block-columns is-layout-flex wp-container-core-columns-is-layout-9d6595d7 wp-block-columns-is-layout-flex\">\n<div class=\"wp-block-column is-layout-flow wp-block-column-is-layout-flow\">\n<p><strong>Suporte t\u00e9cnico de v\u00eddeo<\/strong><\/p>\n\n\n\n<p><a href=\"https:\/\/illustracameras.com\/latam\/technical-support\/video-support@jci.com\">video-support@jci.com<\/a><\/p>\n<\/div>\n\n\n\n<div class=\"wp-block-column is-layout-flow wp-block-column-is-layout-flow\">\n<p><strong>Suporte t\u00e9cnico de acesso<\/strong><\/p>\n\n\n\n<p><a href=\"https:\/\/illustracameras.com\/latam\/technical-support\/access-support@jci.com\">access-support@jci.com<\/a><\/p>\n<\/div>\n\n\n\n<div class=\"wp-block-column is-layout-flow wp-block-column-is-layout-flow\">\n<p><strong>Suporte t\u00e9cnico de intrus\u00e3o<\/strong><\/p>\n\n\n\n<p><a href=\"https:\/\/illustracameras.com\/latam\/technical-support\/intrusion-support@jci.com\">intrusion-support@jci.com<\/a><\/p>\n<\/div>\n<\/div>\n\n\n\n<div class=\"wp-block-columns is-layout-flex wp-container-core-columns-is-layout-9d6595d7 wp-block-columns-is-layout-flex\">\n<div class=\"wp-block-column is-layout-flow wp-block-column-is-layout-flow\">\n<p><strong>Perguntas de treinamento t\u00e9cnico<\/strong><\/p>\n\n\n\n<p><a href=\"https:\/\/illustracameras.com\/latam\/technical-support\/apac.training@jci.com\">apac.training@jci.com<\/a><\/p>\n<\/div>\n\n\n\n<div class=\"wp-block-column is-layout-flow wp-block-column-is-layout-flow\">\n<p><strong>Todas as perguntas sobre licen\u00e7a<\/strong><\/p>\n\n\n\n<p><a href=\"https:\/\/illustracameras.com\/latam\/technical-support\/sp-licensing-support@jci.com\">sp-licensing-support@jci.com<\/a><\/p>\n<\/div>\n\n\n\n<div class=\"wp-block-column is-layout-flow wp-block-column-is-layout-flow\"><\/div>\n<\/div>\n\n\n\n<p><strong>Horas locais<\/strong><\/p>\n\n\n\n<p>8h &#8211; 18h (CET) &#8211; segunda-feira &#8211; sexta-feira<\/p>\n<\/div><\/div>\n\n\n\n<div id=\"contact-asia-pacific\" class=\"wp-block-group has-background\" style=\"background-color:#eaeaea\"><div class=\"wp-block-group__inner-container is-layout-flow wp-block-group-is-layout-flow\">\n<h2 class=\"wp-block-heading\">\u00c1sia-Pac\u00edfico<\/h2>\n\n\n\n<h3 class=\"wp-block-heading\">N\u00fameros locais<\/h3>\n\n\n\n<div class=\"wp-block-columns is-layout-flex wp-container-core-columns-is-layout-9d6595d7 wp-block-columns-is-layout-flex\">\n<div class=\"wp-block-column is-layout-flow wp-block-column-is-layout-flow\">\n<p><strong>India<\/strong><\/p>\n\n\n\n<p><a href=\"tel:918041990994\">+91-80-4199-0994<\/a><\/p>\n<\/div>\n\n\n\n<div class=\"wp-block-column is-layout-flow wp-block-column-is-layout-flow\">\n<p><strong>China<\/strong><\/p>\n\n\n\n<p><a href=\"tel:862161638644\">+86-21-6163-8644<\/a><\/p>\n<\/div>\n\n\n\n<div class=\"wp-block-column is-layout-flow wp-block-column-is-layout-flow\">\n<p><strong>Australia<\/strong><\/p>\n\n\n\n<p><a href=\"tel:61283171322\">+61-28-317-1322<\/a><\/p>\n<\/div>\n<\/div>\n\n\n\n<p><strong>Oceania e Nova Zel\u00e2ndia<\/strong><\/p>\n\n\n\n<p><a href=\"tel:6499424004\">+64-9942-4004<\/a><\/p>\n\n\n\n<h3 class=\"wp-block-heading\">Austr\u00e1lia<\/h3>\n\n\n\n<p><strong>Austr\u00e1lia<\/strong><\/p>\n\n\n\n<p><a href=\"tel:1800580946\">1-800-580-946<\/a><\/p>\n\n\n\n<p><strong>Horas de funcionamento:<\/strong><\/p>\n\n\n\n<p>8h &#8211; 18h &#8211; segunda-feira &#8211; sexta-feira<\/p>\n\n\n\n<div style=\"height:32px\" aria-hidden=\"true\" class=\"wp-block-spacer\"><\/div>\n\n\n\n<h3 class=\"wp-block-heading\">China<\/h3>\n\n\n\n<p><strong>China<\/strong><\/p>\n\n\n\n<p><a href=\"tel:4006711528\">400-6711-528<\/a><\/p>\n\n\n\n<p><strong>Horas de funcionamento:<\/strong><\/p>\n\n\n\n<p>9h &#8211; 18h &#8211; segunda-feira &#8211; sexta-feira<\/p>\n\n\n\n<div style=\"height:32px\" aria-hidden=\"true\" class=\"wp-block-spacer\"><\/div>\n\n\n\n<h3 class=\"wp-block-heading\">India<\/h3>\n\n\n\n<div class=\"wp-block-columns is-layout-flex wp-container-core-columns-is-layout-9d6595d7 wp-block-columns-is-layout-flex\">\n<div class=\"wp-block-column is-layout-flow wp-block-column-is-layout-flow\">\n<p><strong>Suporte t\u00e9cnico de v\u00eddeo<\/strong><\/p>\n\n\n\n<p><a href=\"https:\/\/illustracameras.com\/latam\/technical-support\/video-support@jci.com\">video-support@jci.com<\/a><\/p>\n<\/div>\n\n\n\n<div class=\"wp-block-column is-layout-flow wp-block-column-is-layout-flow\">\n<p><strong>Suporte t\u00e9cnico de acesso<\/strong><\/p>\n\n\n\n<p><a href=\"https:\/\/illustracameras.com\/latam\/technical-support\/access-support@jci.com\">access-support@jci.com<\/a><\/p>\n<\/div>\n\n\n\n<div class=\"wp-block-column is-layout-flow wp-block-column-is-layout-flow\">\n<p><strong>Suporte t\u00e9cnico de intrus\u00e3o<\/strong><\/p>\n\n\n\n<p><a href=\"https:\/\/illustracameras.com\/latam\/technical-support\/intrusion-support@jci.com\">intrusion-support@jci.com<\/a><\/p>\n<\/div>\n<\/div>\n\n\n\n<div class=\"wp-block-columns is-layout-flex wp-container-core-columns-is-layout-9d6595d7 wp-block-columns-is-layout-flex\">\n<div class=\"wp-block-column is-layout-flow wp-block-column-is-layout-flow\">\n<p><strong>Perguntas de treinamento t\u00e9cnico<\/strong><\/p>\n\n\n\n<p><a href=\"https:\/\/illustracameras.com\/latam\/technical-support\/apac.training@jci.com\">apac.training@jci.com<\/a><\/p>\n<\/div>\n\n\n\n<div class=\"wp-block-column is-layout-flow wp-block-column-is-layout-flow\">\n<p><strong>Todas as perguntas sobre licen\u00e7a<\/strong><\/p>\n\n\n\n<p><a href=\"https:\/\/illustracameras.com\/latam\/technical-support\/sp-licensing-support@jci.com\">sp-licensing-support@jci.com<\/a><\/p>\n<\/div>\n\n\n\n<div class=\"wp-block-column is-layout-flow wp-block-column-is-layout-flow\"><\/div>\n<\/div>\n\n\n\n<p><strong>Horas de funcionamento:<\/strong><\/p>\n\n\n\n<p>9h &#8211; 19h &#8211; segunda-feira &#8211; sexta-feira<\/p>\n<\/div><\/div>\n","protected":false},"excerpt":{"rendered":"<p>A equipe de suporte t\u00e9cnico da Tyco fornece assist\u00eancia para a linha de produtos Tyco Illustra e al\u00e9m. Com servi\u00e7os de suporte online e engenheiros em todo o mundo, estamos \u00e0 disposi\u00e7\u00e3o para ajud\u00e1-lo com qualquer d\u00favida e voc\u00ea tamb\u00e9m pode aprender mais sobre nossas solu\u00e7\u00f5es em learn.tycosecurityproducts.com Am\u00e9rica do Norte Telefone (800) 507-6268 Op\u00e7\u00f5es [&hellip;]<\/p>\n","protected":false},"author":2,"featured_media":0,"parent":0,"menu_order":0,"comment_status":"closed","ping_status":"closed","template":"templates\/page-technical-support.php","meta":[],"class_list":["post-4219","page","type-page","status-publish","hentry"],"acf":[],"_links":{"self":[{"href":"https:\/\/holisnvr.com\/pt-br\/wp-json\/wp\/v2\/pages\/4219","targetHints":{"allow":["GET"]}}],"collection":[{"href":"https:\/\/holisnvr.com\/pt-br\/wp-json\/wp\/v2\/pages"}],"about":[{"href":"https:\/\/holisnvr.com\/pt-br\/wp-json\/wp\/v2\/types\/page"}],"author":[{"embeddable":true,"href":"https:\/\/holisnvr.com\/pt-br\/wp-json\/wp\/v2\/users\/2"}],"replies":[{"embeddable":true,"href":"https:\/\/holisnvr.com\/pt-br\/wp-json\/wp\/v2\/comments?post=4219"}],"version-history":[{"count":0,"href":"https:\/\/holisnvr.com\/pt-br\/wp-json\/wp\/v2\/pages\/4219\/revisions"}],"wp:attachment":[{"href":"https:\/\/holisnvr.com\/pt-br\/wp-json\/wp\/v2\/media?parent=4219"}],"curies":[{"name":"wp","href":"https:\/\/api.w.org\/{rel}","templated":true}]}}